{"id":2866,"date":"2025-11-23T10:26:05","date_gmt":"2025-11-23T08:26:05","guid":{"rendered":"https:\/\/elutubalavataga.ee\/?page_id=2866"},"modified":"2025-11-25T14:25:58","modified_gmt":"2025-11-25T12:25:58","slug":"koolitused","status":"publish","type":"page","link":"https:\/\/elutubalavataga.ee\/en\/koolitused\/","title":{"rendered":"Workshops"},"content":{"rendered":"<div data-elementor-type=\"wp-page\" data-elementor-id=\"2866\" class=\"elementor elementor-2866\" data-elementor-post-type=\"page\">\n\t\t\t\t<div class=\"elementor-element elementor-element-6ec3352d e-flex e-con-boxed e-con e-parent\" data-id=\"6ec3352d\" data-element_type=\"container\" data-e-type=\"container\" data-settings=\"{&quot;background_background&quot;:&quot;classic&quot;}\">\n\t\t\t\t\t<div class=\"e-con-inner\">\n\t\t<div class=\"elementor-element elementor-element-773fe12e e-con-full e-flex e-con e-child\" data-id=\"773fe12e\" data-element_type=\"container\" data-e-type=\"container\">\n\t\t\t\t<div class=\"elementor-element elementor-element-333270f elementor-widget elementor-widget-heading\" data-id=\"333270f\" data-element_type=\"widget\" data-e-type=\"widget\" data-widget_type=\"heading.default\">\n\t\t\t\t<div class=\"elementor-widget-container\">\n\t\t\t\t\t<h2 class=\"elementor-heading-title elementor-size-default\">N\u00dcANSS Bar Catering<\/h2>\t\t\t\t<\/div>\n\t\t\t\t<\/div>\n\t\t\t\t<div class=\"elementor-element elementor-element-4b08d422 elementor-widget-divider--view-line elementor-invisible elementor-widget elementor-widget-divider\" data-id=\"4b08d422\" data-element_type=\"widget\" data-e-type=\"widget\" data-settings=\"{&quot;_animation&quot;:&quot;fadeIn&quot;,&quot;_animation_delay&quot;:&quot;100&quot;}\" data-widget_type=\"divider.default\">\n\t\t\t\t<div class=\"elementor-widget-container\">\n\t\t\t\t\t\t\t<div class=\"elementor-divider\">\n\t\t\t<span class=\"elementor-divider-separator\">\n\t\t\t\t\t\t<\/span>\n\t\t<\/div>\n\t\t\t\t\t\t<\/div>\n\t\t\t\t<\/div>\n\t\t\t\t<\/div>\n\t\t\t\t\t<\/div>\n\t\t\t\t<\/div>\n\t\t<div class=\"elementor-element elementor-element-17ec4818 e-flex e-con-boxed e-con e-parent\" data-id=\"17ec4818\" data-element_type=\"container\" data-e-type=\"container\" data-settings=\"{&quot;background_background&quot;:&quot;classic&quot;}\">\n\t\t\t\t\t<div class=\"e-con-inner\">\n\t\t<div class=\"elementor-element elementor-element-3e10e0ca e-con-full e-flex e-con e-child\" data-id=\"3e10e0ca\" data-element_type=\"container\" data-e-type=\"container\">\n\t\t<div class=\"elementor-element elementor-element-575ab01f e-con-full e-flex e-con e-child\" data-id=\"575ab01f\" data-element_type=\"container\" data-e-type=\"container\">\n\t\t<div class=\"elementor-element elementor-element-5ac32d86 e-con-full e-flex elementor-invisible e-con e-child\" data-id=\"5ac32d86\" data-element_type=\"container\" data-e-type=\"container\" data-settings=\"{&quot;background_background&quot;:&quot;classic&quot;,&quot;animation&quot;:&quot;fadeInLeft&quot;}\">\n\t\t\t\t<div class=\"elementor-element elementor-element-46650ac4 elementor-widget elementor-widget-heading\" data-id=\"46650ac4\" data-element_type=\"widget\" data-e-type=\"widget\" data-widget_type=\"heading.default\">\n\t\t\t\t<div class=\"elementor-widget-container\">\n\t\t\t\t\t<h5 class=\"elementor-heading-title elementor-size-default\">Cocktails with a story behind them<\/h5>\t\t\t\t<\/div>\n\t\t\t\t<\/div>\n\t\t\t\t<div class=\"elementor-element elementor-element-1f3f1321 elementor-widget elementor-widget-heading\" data-id=\"1f3f1321\" data-element_type=\"widget\" data-e-type=\"widget\" data-widget_type=\"heading.default\">\n\t\t\t\t<div class=\"elementor-widget-container\">\n\t\t\t\t\t<h2 class=\"elementor-heading-title elementor-size-default\">COCKTAIL WORKSHOPS<\/h2>\t\t\t\t<\/div>\n\t\t\t\t<\/div>\n\t\t\t\t<div class=\"elementor-element elementor-element-7e331912 elementor-widget elementor-widget-text-editor\" data-id=\"7e331912\" data-element_type=\"widget\" data-e-type=\"widget\" data-widget_type=\"text-editor.default\">\n\t\t\t\t<div class=\"elementor-widget-container\">\n\t\t\t\t\t\t\t\t\t<p class=\"translation-block\">Looking for something fun and educational to do with your team?<br>\n<strong>N\u00dcANSS cocktail workshop<\/strong> is the perfect way to bring people together and discover how flavours, balance, and creativity come to life in a glass.<\/p><p class=\"translation-block\">The workshop is suitable for companies, groups of friends, and parties, offering participants the chance to mix, flavour, and create their own signature cocktail.<br>\nIn addition to making drinks, we talk about flavour logic, professional serving, and what distinguishes a good cocktail from a great one.<\/p>\t\t\t\t\t\t\t\t<\/div>\n\t\t\t\t<\/div>\n\t\t\t\t<div class=\"elementor-element elementor-element-dd01704 elementor-icon-list--layout-traditional elementor-list-item-link-full_width elementor-widget elementor-widget-icon-list\" data-id=\"dd01704\" data-element_type=\"widget\" data-e-type=\"widget\" data-widget_type=\"icon-list.default\">\n\t\t\t\t<div class=\"elementor-widget-container\">\n\t\t\t\t\t\t\t<ul class=\"elementor-icon-list-items\">\n\t\t\t\t\t\t\t<li class=\"elementor-icon-list-item\">\n\t\t\t\t\t\t\t\t\t\t\t<span class=\"elementor-icon-list-icon\">\n\t\t\t\t\t\t\t<i aria-hidden=\"true\" class=\"jki jki-glass-martini-solid\"><\/i>\t\t\t\t\t\t<\/span>\n\t\t\t\t\t\t\t\t\t\t<span class=\"elementor-icon-list-text\">Minimum number of participants: 10<\/span>\n\t\t\t\t\t\t\t\t\t<\/li>\n\t\t\t\t\t\t\t\t<li class=\"elementor-icon-list-item\">\n\t\t\t\t\t\t\t\t\t\t\t<span class=\"elementor-icon-list-icon\">\n\t\t\t\t\t\t\t<i aria-hidden=\"true\" class=\"jki jki-glass-martini-solid\"><\/i>\t\t\t\t\t\t<\/span>\n\t\t\t\t\t\t\t\t\t\t<span class=\"elementor-icon-list-text\">\u00a0Duration: 1.5\u20132.5 hours<\/span>\n\t\t\t\t\t\t\t\t\t<\/li>\n\t\t\t\t\t\t\t\t<li class=\"elementor-icon-list-item\">\n\t\t\t\t\t\t\t\t\t\t\t<span class=\"elementor-icon-list-icon\">\n\t\t\t\t\t\t\t<i aria-hidden=\"true\" class=\"jki jki-glass-martini-solid\"><\/i>\t\t\t\t\t\t<\/span>\n\t\t\t\t\t\t\t\t\t\t<span class=\"elementor-icon-list-text\">Location: Elutuba Lava Taga<\/span>\n\t\t\t\t\t\t\t\t\t<\/li>\n\t\t\t\t\t\t<\/ul>\n\t\t\t\t\t\t<\/div>\n\t\t\t\t<\/div>\n\t\t\t\t<\/div>\n\t\t\t\t<\/div>\n\t\t\t\t<\/div>\n\t\t<div class=\"elementor-element elementor-element-16d8c7d6 e-con-full e-flex e-con e-child\" data-id=\"16d8c7d6\" data-element_type=\"container\" data-e-type=\"container\">\n\t\t\t\t<div class=\"elementor-element elementor-element-47f6fe20 elementor-widget elementor-widget-image\" data-id=\"47f6fe20\" data-element_type=\"widget\" data-e-type=\"widget\" data-widget_type=\"image.default\">\n\t\t\t\t<div class=\"elementor-widget-container\">\n\t\t\t\t\t\t\t\t\t\t\t\t\t\t\t<img fetchpriority=\"high\" decoding=\"async\" width=\"1000\" height=\"1500\" src=\"https:\/\/elutubalavataga.ee\/wp-content\/uploads\/2025\/11\/Nuanns-MArkus-Niilus.png\" class=\"attachment-full size-full wp-image-2875\" alt=\"\" srcset=\"https:\/\/elutubalavataga.ee\/wp-content\/uploads\/2025\/11\/Nuanns-MArkus-Niilus.png 1000w, https:\/\/elutubalavataga.ee\/wp-content\/uploads\/2025\/11\/Nuanns-MArkus-Niilus-200x300.png 200w, https:\/\/elutubalavataga.ee\/wp-content\/uploads\/2025\/11\/Nuanns-MArkus-Niilus-683x1024.png 683w, https:\/\/elutubalavataga.ee\/wp-content\/uploads\/2025\/11\/Nuanns-MArkus-Niilus-768x1152.png 768w, https:\/\/elutubalavataga.ee\/wp-content\/uploads\/2025\/11\/Nuanns-MArkus-Niilus-8x12.png 8w\" sizes=\"(max-width: 1000px) 100vw, 1000px\" \/>\t\t\t\t\t\t\t\t\t\t\t\t\t\t\t<\/div>\n\t\t\t\t<\/div>\n\t\t<div class=\"elementor-element elementor-element-55c8efda e-con-full e-flex e-con e-child\" data-id=\"55c8efda\" data-element_type=\"container\" data-e-type=\"container\">\n\t\t<div class=\"elementor-element elementor-element-4f57287f e-con-full e-flex e-con e-child\" data-id=\"4f57287f\" data-element_type=\"container\" data-e-type=\"container\" data-settings=\"{&quot;background_background&quot;:&quot;classic&quot;}\">\n\t\t\t\t<div class=\"elementor-element elementor-element-5433cd3 elementor-widget elementor-widget-jkit_video_button\" data-id=\"5433cd3\" data-element_type=\"widget\" data-e-type=\"widget\" data-widget_type=\"jkit_video_button.default\">\n\t\t\t\t<div class=\"elementor-widget-container\">\n\t\t\t\t\t<div  class=\"jeg-elementor-kit jkit-video-button jeg_module___69ee35e17aa80\"  data-autoplay=\"1\" data-loop=\"0\" data-controls=\"1\" data-type=\"self_hosted\" data-mute=\"0\" data-title=\"0\" data-portrait=\"0\" data-byline=\"0\" data-unique-id=\"jkit_video_button_jeg_module___69ee35e17aa80\"><a href=\"#jkit_video_button_jeg_module___69ee35e17aa80\" class=\"jkit-video-popup-btn glow-enable\" aria-label=\"video button\"><span class=\"icon-position-before\"><i aria-hidden=\"true\" class=\"jki jki-play1-light\"><\/i><\/span><\/a><template id=\"jkit_video_button_jeg_module___69ee35e17aa80\" class=\"jkit-video-self-hosted mfp-hide\"><video autoplay controls height=\"600\" width=\"600\" src=\"https:\/\/elutubalavataga.ee\/wp-content\/uploads\/2025\/11\/Charm-15-kood-video-3.mp4\" ><\/video><\/template><\/div>\t\t\t\t<\/div>\n\t\t\t\t<\/div>\n\t\t\t\t<\/div>\n\t\t<div class=\"elementor-element elementor-element-4ec688d8 e-con-full e-flex e-con e-child\" data-id=\"4ec688d8\" data-element_type=\"container\" data-e-type=\"container\" data-settings=\"{&quot;background_background&quot;:&quot;classic&quot;}\">\n\t\t\t\t<div class=\"elementor-element elementor-element-6b6975e7 elementor-widget elementor-widget-heading\" data-id=\"6b6975e7\" data-element_type=\"widget\" data-e-type=\"widget\" data-widget_type=\"heading.default\">\n\t\t\t\t<div class=\"elementor-widget-container\">\n\t\t\t\t\t<h6 class=\"elementor-heading-title elementor-size-default\">Watch video<\/h6>\t\t\t\t<\/div>\n\t\t\t\t<\/div>\n\t\t\t\t<\/div>\n\t\t\t\t<\/div>\n\t\t\t\t<\/div>\n\t\t\t\t\t<\/div>\n\t\t\t\t<\/div>\n\t\t<div class=\"elementor-element elementor-element-5a18e48e e-flex e-con-boxed e-con e-parent\" data-id=\"5a18e48e\" data-element_type=\"container\" data-e-type=\"container\">\n\t\t\t\t\t<div class=\"e-con-inner\">\n\t\t<div class=\"elementor-element elementor-element-1f14034b e-con-full e-flex e-con e-child\" data-id=\"1f14034b\" data-element_type=\"container\" data-e-type=\"container\">\n\t\t\t\t<div class=\"elementor-element elementor-element-395b9186 elementor-widget elementor-widget-image\" data-id=\"395b9186\" data-element_type=\"widget\" data-e-type=\"widget\" data-widget_type=\"image.default\">\n\t\t\t\t<div class=\"elementor-widget-container\">\n\t\t\t\t\t\t\t\t\t\t\t\t\t\t\t<img decoding=\"async\" width=\"1000\" height=\"667\" src=\"https:\/\/elutubalavataga.ee\/wp-content\/uploads\/2025\/11\/Nuanss-54.jpg\" class=\"attachment-full size-full wp-image-2885\" alt=\"\" srcset=\"https:\/\/elutubalavataga.ee\/wp-content\/uploads\/2025\/11\/Nuanss-54.jpg 1000w, https:\/\/elutubalavataga.ee\/wp-content\/uploads\/2025\/11\/Nuanss-54-300x200.jpg 300w, https:\/\/elutubalavataga.ee\/wp-content\/uploads\/2025\/11\/Nuanss-54-768x512.jpg 768w, https:\/\/elutubalavataga.ee\/wp-content\/uploads\/2025\/11\/Nuanss-54-18x12.jpg 18w\" sizes=\"(max-width: 1000px) 100vw, 1000px\" \/>\t\t\t\t\t\t\t\t\t\t\t\t\t\t\t<\/div>\n\t\t\t\t<\/div>\n\t\t<div class=\"elementor-element elementor-element-14a4723d e-con-full e-flex e-con e-child\" data-id=\"14a4723d\" data-element_type=\"container\" data-e-type=\"container\">\n\t\t<div class=\"elementor-element elementor-element-132f9744 e-con-full e-flex elementor-invisible e-con e-child\" data-id=\"132f9744\" data-element_type=\"container\" data-e-type=\"container\" data-settings=\"{&quot;background_background&quot;:&quot;classic&quot;,&quot;animation&quot;:&quot;fadeInUp&quot;}\">\n\t\t\t\t<div class=\"elementor-element elementor-element-dffce1f elementor-widget elementor-widget-text-editor\" data-id=\"dffce1f\" data-element_type=\"widget\" data-e-type=\"widget\" data-widget_type=\"text-editor.default\">\n\t\t\t\t<div class=\"elementor-widget-container\">\n\t\t\t\t\t\t\t\t\t<p class=\"translation-block\">\u201cWe believe that every event deserves its own character and its own flavours \u2013 not repeated formulas. That\u2019s why we create a unique menu and visual concept for each client, perfectly matching the atmosphere of the event.\u201d<\/p>\t\t\t\t\t\t\t\t<\/div>\n\t\t\t\t<\/div>\n\t\t\t\t<\/div>\n\t\t\t\t<\/div>\n\t\t\t\t<\/div>\n\t\t<div class=\"elementor-element elementor-element-4de7469a e-con-full e-flex e-con e-child\" data-id=\"4de7469a\" data-element_type=\"container\" data-e-type=\"container\">\n\t\t\t\t<div class=\"elementor-element elementor-element-76888792 elementor-invisible elementor-widget elementor-widget-heading\" data-id=\"76888792\" data-element_type=\"widget\" data-e-type=\"widget\" data-settings=\"{&quot;_animation&quot;:&quot;fadeInLeft&quot;}\" data-widget_type=\"heading.default\">\n\t\t\t\t<div class=\"elementor-widget-container\">\n\t\t\t\t\t<h5 class=\"elementor-heading-title elementor-size-default\">Exciting bar solutions<\/h5>\t\t\t\t<\/div>\n\t\t\t\t<\/div>\n\t\t\t\t<div class=\"elementor-element elementor-element-93c0130 elementor-invisible elementor-widget elementor-widget-heading\" data-id=\"93c0130\" data-element_type=\"widget\" data-e-type=\"widget\" data-settings=\"{&quot;_animation&quot;:&quot;fadeInLeft&quot;,&quot;_animation_delay&quot;:&quot;200&quot;}\" data-widget_type=\"heading.default\">\n\t\t\t\t<div class=\"elementor-widget-container\">\n\t\t\t\t\t<h2 class=\"elementor-heading-title elementor-size-default\">N\u00fcanss Bar Catering<\/h2>\t\t\t\t<\/div>\n\t\t\t\t<\/div>\n\t\t\t\t<div class=\"elementor-element elementor-element-222691b9 elementor-widget__width-initial elementor-widget elementor-widget-text-editor\" data-id=\"222691b9\" data-element_type=\"widget\" data-e-type=\"widget\" data-widget_type=\"text-editor.default\">\n\t\t\t\t<div class=\"elementor-widget-container\">\n\t\t\t\t\t\t\t\t\t<p>This is an opportunity to bring a downtown-level cocktail bar straight to your home, garden, or event.<\/p><p class=\"translation-block\">Our goal is to offer something more than just drinks \u2013 to create an experience that combines a high-quality menu, an elegant atmosphere, and carefully considered details.<br>\nThis is not merely a bar with classic options, but a complete flavour journey that elevates an everyday moment to a new level.<\/p><p>N\u00dcANSS was born from the desire to bring professional bar culture to the places where people truly spend their time.<\/p>\t\t\t\t\t\t\t\t<\/div>\n\t\t\t\t<\/div>\n\t\t\t\t<\/div>\n\t\t\t\t\t<\/div>\n\t\t\t\t<\/div>\n\t\t<div class=\"elementor-element elementor-element-2756e4b e-con-full e-flex e-con e-parent\" data-id=\"2756e4b\" data-element_type=\"container\" data-e-type=\"container\">\n\t\t\t\t<div class=\"elementor-element elementor-element-cbadc2b elementor-arrows-position-inside elementor-pagination-position-outside elementor-widget elementor-widget-image-carousel\" data-id=\"cbadc2b\" data-element_type=\"widget\" data-e-type=\"widget\" data-settings=\"{&quot;navigation&quot;:&quot;both&quot;,&quot;autoplay&quot;:&quot;yes&quot;,&quot;pause_on_hover&quot;:&quot;yes&quot;,&quot;pause_on_interaction&quot;:&quot;yes&quot;,&quot;autoplay_speed&quot;:5000,&quot;infinite&quot;:&quot;yes&quot;,&quot;speed&quot;:500}\" data-widget_type=\"image-carousel.default\">\n\t\t\t\t<div class=\"elementor-widget-container\">\n\t\t\t\t\t\t\t<div class=\"elementor-image-carousel-wrapper swiper\" role=\"region\" aria-roledescription=\"carousel\" aria-label=\"Image Carousel\" dir=\"ltr\">\n\t\t\t<div class=\"elementor-image-carousel swiper-wrapper\" aria-live=\"off\">\n\t\t\t\t\t\t\t\t<div class=\"swiper-slide\" role=\"group\" aria-roledescription=\"slide\" aria-label=\"1 of 6\"><figure class=\"swiper-slide-inner\"><img decoding=\"async\" class=\"swiper-slide-image\" src=\"https:\/\/elutubalavataga.ee\/wp-content\/uploads\/elementor\/thumbs\/Nuanss-70-rf4eft8zknmzk8uby9jawlr971dgvcyr2tap4c4mtk.jpg\" alt=\"Nu\u0308anss-70\" \/><\/figure><\/div><div class=\"swiper-slide\" role=\"group\" aria-roledescription=\"slide\" aria-label=\"2 of 6\"><figure class=\"swiper-slide-inner\"><img decoding=\"async\" class=\"swiper-slide-image\" src=\"https:\/\/elutubalavataga.ee\/wp-content\/uploads\/elementor\/thumbs\/Nuanss-68-rf4efv4nybpk7grlnack1la6dt47ar67r2lo2w1uh4.jpg\" alt=\"Nu\u0308anss-68\" \/><\/figure><\/div><div class=\"swiper-slide\" role=\"group\" aria-roledescription=\"slide\" aria-label=\"3 of 6\"><figure class=\"swiper-slide-inner\"><img decoding=\"async\" class=\"swiper-slide-image\" src=\"https:\/\/elutubalavataga.ee\/wp-content\/uploads\/elementor\/thumbs\/Nuanss-62-1-rf4efw2i55quj2q8hsr6m31mz6zkig9y3795k60gaw.jpg\" alt=\"Nu\u0308anss-62 (1)\" \/><\/figure><\/div><div class=\"swiper-slide\" role=\"group\" aria-roledescription=\"slide\" aria-label=\"4 of 6\"><figure class=\"swiper-slide-inner\"><img decoding=\"async\" class=\"swiper-slide-image\" src=\"https:\/\/elutubalavataga.ee\/wp-content\/uploads\/elementor\/thumbs\/Nuanss-48-rf4efxy6ittf6ani6tkfr2kk5yqaxuhergk4ipxnyg.jpg\" alt=\"Nu\u0308anss-48\" \/><\/figure><\/div><div class=\"swiper-slide\" role=\"group\" aria-roledescription=\"slide\" aria-label=\"5 of 6\"><figure class=\"swiper-slide-inner\"><img decoding=\"async\" class=\"swiper-slide-image\" src=\"https:\/\/elutubalavataga.ee\/wp-content\/uploads\/elementor\/thumbs\/25-TAF_3224-rf4efyw0pnuphwm51bz2bkc0rclo5jl53l7lzzw9s8.jpg\" alt=\"25-TAF_3224\" \/><\/figure><\/div><div class=\"swiper-slide\" role=\"group\" aria-roledescription=\"slide\" aria-label=\"6 of 6\"><figure class=\"swiper-slide-inner\"><img decoding=\"async\" class=\"swiper-slide-image\" src=\"https:\/\/elutubalavataga.ee\/wp-content\/uploads\/elementor\/thumbs\/4-TAF_3110-rf4e0o2lgqwoieu8dpvoqfbwnk0kuwufnux2rukz2g.jpg\" alt=\"4-TAF_3110\" \/><\/figure><\/div>\t\t\t<\/div>\n\t\t\t\t\t\t\t\t\t\t\t\t<div class=\"elementor-swiper-button elementor-swiper-button-prev\" role=\"button\" tabindex=\"0\">\n\t\t\t\t\t\t<i aria-hidden=\"true\" class=\"eicon-chevron-left\"><\/i>\t\t\t\t\t<\/div>\n\t\t\t\t\t<div class=\"elementor-swiper-button elementor-swiper-button-next\" role=\"button\" tabindex=\"0\">\n\t\t\t\t\t\t<i aria-hidden=\"true\" class=\"eicon-chevron-right\"><\/i>\t\t\t\t\t<\/div>\n\t\t\t\t\n\t\t\t\t\t\t\t\t\t<div class=\"swiper-pagination\"><\/div>\n\t\t\t\t\t\t\t\t\t<\/div>\n\t\t\t\t\t\t<\/div>\n\t\t\t\t<\/div>\n\t\t\t\t<\/div>\n\t\t<div class=\"elementor-element elementor-element-615a786d e-flex e-con-boxed e-con e-parent\" data-id=\"615a786d\" data-element_type=\"container\" data-e-type=\"container\" data-settings=\"{&quot;background_background&quot;:&quot;classic&quot;}\">\n\t\t\t\t\t<div class=\"e-con-inner\">\n\t\t<div class=\"elementor-element elementor-element-4708fd08 e-con-full e-flex e-con e-child\" data-id=\"4708fd08\" data-element_type=\"container\" data-e-type=\"container\">\n\t\t\t\t<div class=\"elementor-element elementor-element-ac802cb elementor-widget elementor-widget-heading\" data-id=\"ac802cb\" data-element_type=\"widget\" data-e-type=\"widget\" data-widget_type=\"heading.default\">\n\t\t\t\t<div class=\"elementor-widget-container\">\n\t\t\t\t\t<h2 class=\"elementor-heading-title elementor-size-default\">Interested?<\/h2>\t\t\t\t<\/div>\n\t\t\t\t<\/div>\n\t\t\t\t<div class=\"elementor-element elementor-element-24712f32 elementor-widget elementor-widget-text-editor\" data-id=\"24712f32\" data-element_type=\"widget\" data-e-type=\"widget\" data-widget_type=\"text-editor.default\">\n\t\t\t\t<div class=\"elementor-widget-container\">\n\t\t\t\t\t\t\t\t\t<p>Come and discover the nuances of cocktail artistry \u2013 experience flavours that combine creativity and craftsmanship.\nBook your cocktail workshop today and turn every sip into an experience!<\/p>\t\t\t\t\t\t\t\t<\/div>\n\t\t\t\t<\/div>\n\t\t\t\t<\/div>\n\t\t<div class=\"elementor-element elementor-element-5e384e8a e-con-full e-flex e-con e-child\" data-id=\"5e384e8a\" data-element_type=\"container\" data-e-type=\"container\">\n\t\t\t\t<div class=\"elementor-element elementor-element-53fb8cec elementor-align-right elementor-tablet-align-center elementor-mobile-align-center elementor-widget elementor-widget-button\" data-id=\"53fb8cec\" data-element_type=\"widget\" data-e-type=\"widget\" data-widget_type=\"button.default\">\n\t\t\t\t<div class=\"elementor-widget-container\">\n\t\t\t\t\t\t\t\t\t<div class=\"elementor-button-wrapper\">\n\t\t\t\t\t<a class=\"elementor-button elementor-button-link elementor-size-sm\" href=\"https:\/\/nuanss.ee\/teenused-2\/\">\n\t\t\t\t\t\t<span class=\"elementor-button-content-wrapper\">\n\t\t\t\t\t\t\t\t\t<span class=\"elementor-button-text\">Read more<\/span>\n\t\t\t\t\t<\/span>\n\t\t\t\t\t<\/a>\n\t\t\t\t<\/div>\n\t\t\t\t\t\t\t\t<\/div>\n\t\t\t\t<\/div>\n\t\t\t\t<\/div>\n\t\t\t\t\t<\/div>\n\t\t\t\t<\/div>\n\t\t\t\t<\/div>","protected":false},"excerpt":{"rendered":"<p>N\u00dcANSS Bar Catering Kokteilid, mille taga on lugu KOKTEILIKOOLITUSED Kas soovid oma tiimiga midagi l\u00f5busat ja samas harivat?N\u00dcANSSi kokteilikoolitus\u00a0on ideaalne viis tuua inimesed kokku ning avastada, kuidas s\u00fcnnivad maitsed, tasakaal ja loovus klaasis. Koolitus sobib nii\u00a0ettev\u00f5tetele, s\u00f5pruskondadele kui ka pidudele\u00a0ning pakub osalejatele v\u00f5imaluse ise segada, maitsestada ja kujundada oma signatuurkokteil.Lisaks joogivalmistamisele r\u00e4\u00e4gime maitsete loogikast, professionaalsest [&hellip;]<\/p>\n","protected":false},"author":1,"featured_media":0,"parent":0,"menu_order":0,"comment_status":"closed","ping_status":"closed","template":"elementor_header_footer","meta":{"_exactmetrics_skip_tracking":false,"_exactmetrics_sitenote_active":false,"_exactmetrics_sitenote_note":"","_exactmetrics_sitenote_category":0,"footnotes":""},"class_list":["post-2866","page","type-page","status-publish","hentry"],"_links":{"self":[{"href":"https:\/\/elutubalavataga.ee\/en\/wp-json\/wp\/v2\/pages\/2866","targetHints":{"allow":["GET"]}}],"collection":[{"href":"https:\/\/elutubalavataga.ee\/en\/wp-json\/wp\/v2\/pages"}],"about":[{"href":"https:\/\/elutubalavataga.ee\/en\/wp-json\/wp\/v2\/types\/page"}],"author":[{"embeddable":true,"href":"https:\/\/elutubalavataga.ee\/en\/wp-json\/wp\/v2\/users\/1"}],"replies":[{"embeddable":true,"href":"https:\/\/elutubalavataga.ee\/en\/wp-json\/wp\/v2\/comments?post=2866"}],"version-history":[{"count":35,"href":"https:\/\/elutubalavataga.ee\/en\/wp-json\/wp\/v2\/pages\/2866\/revisions"}],"predecessor-version":[{"id":2968,"href":"https:\/\/elutubalavataga.ee\/en\/wp-json\/wp\/v2\/pages\/2866\/revisions\/2968"}],"wp:attachment":[{"href":"https:\/\/elutubalavataga.ee\/en\/wp-json\/wp\/v2\/media?parent=2866"}],"curies":[{"name":"wp","href":"https:\/\/api.w.org\/{rel}","templated":true}]}}