{"id":840,"date":"2024-10-03T09:32:02","date_gmt":"2024-10-03T09:32:02","guid":{"rendered":"https:\/\/elutubalavataga.ee\/?page_id=840"},"modified":"2026-04-14T07:13:40","modified_gmt":"2026-04-14T05:13:40","slug":"kontakt","status":"publish","type":"page","link":"https:\/\/elutubalavataga.ee\/en\/kontakt\/","title":{"rendered":"Contact"},"content":{"rendered":"\t\t<div data-elementor-type=\"wp-page\" data-elementor-id=\"840\" class=\"elementor elementor-840\" data-elementor-post-type=\"page\">\n\t\t\t\t<div class=\"elementor-element elementor-element-4885dbcb e-flex e-con-boxed e-con e-parent\" data-id=\"4885dbcb\" data-element_type=\"container\" data-e-type=\"container\" data-settings=\"{&quot;background_background&quot;:&quot;classic&quot;}\">\n\t\t\t\t\t<div class=\"e-con-inner\">\n\t\t<div class=\"elementor-element elementor-element-3ef94a7 e-con-full e-flex e-con e-child\" data-id=\"3ef94a7\" data-element_type=\"container\" data-e-type=\"container\">\n\t\t\t\t<div class=\"elementor-element elementor-element-3483c23 elementor-widget elementor-widget-image\" data-id=\"3483c23\" data-element_type=\"widget\" data-e-type=\"widget\" data-widget_type=\"image.default\">\n\t\t\t\t<div class=\"elementor-widget-container\">\n\t\t\t\t\t\t\t\t\t\t\t\t\t\t\t<img fetchpriority=\"high\" decoding=\"async\" width=\"800\" height=\"606\" src=\"https:\/\/elutubalavataga.ee\/wp-content\/uploads\/2025\/10\/elutuba-lava-taga-logo-esilehele-3-1024x776.png\" class=\"attachment-large size-large wp-image-2347\" alt=\"elutuba lava taga - logo kuldne\" srcset=\"https:\/\/elutubalavataga.ee\/wp-content\/uploads\/2025\/10\/elutuba-lava-taga-logo-esilehele-3-1024x776.png 1024w, https:\/\/elutubalavataga.ee\/wp-content\/uploads\/2025\/10\/elutuba-lava-taga-logo-esilehele-3-300x227.png 300w, https:\/\/elutubalavataga.ee\/wp-content\/uploads\/2025\/10\/elutuba-lava-taga-logo-esilehele-3-768x582.png 768w, https:\/\/elutubalavataga.ee\/wp-content\/uploads\/2025\/10\/elutuba-lava-taga-logo-esilehele-3-1536x1164.png 1536w, https:\/\/elutubalavataga.ee\/wp-content\/uploads\/2025\/10\/elutuba-lava-taga-logo-esilehele-3-2048x1552.png 2048w\" sizes=\"(max-width: 800px) 100vw, 800px\" \/>\t\t\t\t\t\t\t\t\t\t\t\t\t\t\t<\/div>\n\t\t\t\t<\/div>\n\t\t\t\t<div class=\"elementor-element elementor-element-2ef8bfb2 elementor-widget-divider--view-line elementor-invisible elementor-widget elementor-widget-divider\" data-id=\"2ef8bfb2\" data-element_type=\"widget\" data-e-type=\"widget\" data-settings=\"{&quot;_animation&quot;:&quot;fadeIn&quot;,&quot;_animation_delay&quot;:&quot;100&quot;}\" data-widget_type=\"divider.default\">\n\t\t\t\t<div class=\"elementor-widget-container\">\n\t\t\t\t\t\t\t<div class=\"elementor-divider\">\n\t\t\t<span class=\"elementor-divider-separator\">\n\t\t\t\t\t\t<\/span>\n\t\t<\/div>\n\t\t\t\t\t\t<\/div>\n\t\t\t\t<\/div>\n\t\t\t\t<div class=\"elementor-element elementor-element-8fd6a0f elementor-invisible elementor-widget elementor-widget-heading\" data-id=\"8fd6a0f\" data-element_type=\"widget\" data-e-type=\"widget\" data-settings=\"{&quot;_animation&quot;:&quot;fadeIn&quot;}\" data-widget_type=\"heading.default\">\n\t\t\t\t<div class=\"elementor-widget-container\">\n\t\t\t\t\t<h1 class=\"elementor-heading-title elementor-size-default\">V\u00f5ta \u00fchendust<\/h1>\t\t\t\t<\/div>\n\t\t\t\t<\/div>\n\t\t\t\t<\/div>\n\t\t\t\t\t<\/div>\n\t\t\t\t<\/div>\n\t\t<div class=\"elementor-element elementor-element-4f08d39e e-flex e-con-boxed e-con e-parent\" data-id=\"4f08d39e\" data-element_type=\"container\" data-e-type=\"container\" data-settings=\"{&quot;background_background&quot;:&quot;classic&quot;}\">\n\t\t\t\t\t<div class=\"e-con-inner\">\n\t\t<div class=\"elementor-element elementor-element-36a59d5c e-con-full e-flex e-con e-child\" data-id=\"36a59d5c\" data-element_type=\"container\" data-e-type=\"container\">\n\t\t\t\t<div class=\"elementor-element elementor-element-5f755d7f elementor-invisible elementor-widget elementor-widget-heading\" data-id=\"5f755d7f\" data-element_type=\"widget\" data-e-type=\"widget\" data-settings=\"{&quot;_animation&quot;:&quot;fadeInLeft&quot;}\" data-widget_type=\"heading.default\">\n\t\t\t\t<div class=\"elementor-widget-container\">\n\t\t\t\t\t<h2 class=\"elementor-heading-title elementor-size-default\">V\u00f5ta meiega \u00fchendust<\/h2>\t\t\t\t<\/div>\n\t\t\t\t<\/div>\n\t\t<div class=\"elementor-element elementor-element-14749a7b e-con-full e-flex e-con e-child\" data-id=\"14749a7b\" data-element_type=\"container\" data-e-type=\"container\">\n\t\t\t\t<div class=\"elementor-element elementor-element-33735b2f elementor-widget elementor-widget-text-editor\" data-id=\"33735b2f\" data-element_type=\"widget\" data-e-type=\"widget\" data-widget_type=\"text-editor.default\">\n\t\t\t\t<div class=\"elementor-widget-container\">\n\t\t\t\t\t\t\t\t\t<p>Elutuba Lava Taga<\/p>\t\t\t\t\t\t\t\t<\/div>\n\t\t\t\t<\/div>\n\t\t\t\t<div class=\"elementor-element elementor-element-642570fd elementor-widget-tablet__width-initial elementor-icon-list--layout-traditional elementor-list-item-link-full_width elementor-widget elementor-widget-icon-list\" data-id=\"642570fd\" data-element_type=\"widget\" data-e-type=\"widget\" data-widget_type=\"icon-list.default\">\n\t\t\t\t<div class=\"elementor-widget-container\">\n\t\t\t\t\t\t\t<ul class=\"elementor-icon-list-items\">\n\t\t\t\t\t\t\t<li class=\"elementor-icon-list-item\">\n\t\t\t\t\t\t\t\t\t\t\t<span class=\"elementor-icon-list-icon\">\n\t\t\t\t\t\t\t<i aria-hidden=\"true\" class=\"fas fa-phone-alt\"><\/i>\t\t\t\t\t\t<\/span>\n\t\t\t\t\t\t\t\t\t\t<span class=\"elementor-icon-list-text\">+372 5323 9315<\/span>\n\t\t\t\t\t\t\t\t\t<\/li>\n\t\t\t\t\t\t\t\t<li class=\"elementor-icon-list-item\">\n\t\t\t\t\t\t\t\t\t\t\t<span class=\"elementor-icon-list-icon\">\n\t\t\t\t\t\t\t<i aria-hidden=\"true\" class=\"fas fa-envelope\"><\/i>\t\t\t\t\t\t<\/span>\n\t\t\t\t\t\t\t\t\t\t<span class=\"elementor-icon-list-text\">info@elutubalavataga.ee<\/span>\n\t\t\t\t\t\t\t\t\t<\/li>\n\t\t\t\t\t\t\t\t<li class=\"elementor-icon-list-item\">\n\t\t\t\t\t\t\t\t\t\t\t<span class=\"elementor-icon-list-icon\">\n\t\t\t\t\t\t\t<i aria-hidden=\"true\" class=\"fas fa-map-marker-alt\"><\/i>\t\t\t\t\t\t<\/span>\n\t\t\t\t\t\t\t\t\t\t<span class=\"elementor-icon-list-text\">Kastani 50, Tartu, Eesti<\/span>\n\t\t\t\t\t\t\t\t\t<\/li>\n\t\t\t\t\t\t<\/ul>\n\t\t\t\t\t\t<\/div>\n\t\t\t\t<\/div>\n\t\t\t\t<\/div>\n\t\t\t\t<div class=\"elementor-element elementor-element-9b2252d elementor-widget elementor-widget-heading\" data-id=\"9b2252d\" data-element_type=\"widget\" data-e-type=\"widget\" data-widget_type=\"heading.default\">\n\t\t\t\t<div class=\"elementor-widget-container\">\n\t\t\t\t\t<h2 class=\"elementor-heading-title elementor-size-default\">Sissep\u00e4\u00e4s<\/h2>\t\t\t\t<\/div>\n\t\t\t\t<\/div>\n\t\t\t\t<div class=\"elementor-element elementor-element-567aa19 elementor-widget elementor-widget-text-editor\" data-id=\"567aa19\" data-element_type=\"widget\" data-e-type=\"widget\" data-widget_type=\"text-editor.default\">\n\t\t\t\t<div class=\"elementor-widget-container\">\n\t\t\t\t\t\t\t\t\t<p data-start=\"99\" data-end=\"341\">Elutuba <strong data-start=\"107\" data-end=\"120\">Lava Taga<\/strong> asub Aparaaditehase territooriumil (Kastani 50, Tartu).<br data-start=\"176\" data-end=\"179\" \/>Sisses\u00f5it on enne Samelini tehast \u2014 p\u00f6\u00f6rake <strong data-start=\"223\" data-end=\"235\">paremale<\/strong>, seej\u00e4rel umbes <strong data-start=\"252\" data-end=\"264\">8o meetri<\/strong> p\u00e4rast uuesti paremale. S\u00f5itke veel <strong data-start=\"307\" data-end=\"321\">80 meetrit<\/strong> ning oletegi kohal.<\/p><p data-start=\"99\" data-end=\"341\">Peouum on\u00a0<strong data-start=\"351\" data-end=\"383\">ligip\u00e4\u00e4setav ka ratastooliga.<\/strong><\/p>\t\t\t\t\t\t\t\t<\/div>\n\t\t\t\t<\/div>\n\t\t\t\t<div class=\"elementor-element elementor-element-e6dab37 elementor-widget elementor-widget-image\" data-id=\"e6dab37\" data-element_type=\"widget\" data-e-type=\"widget\" data-widget_type=\"image.default\">\n\t\t\t\t<div class=\"elementor-widget-container\">\n\t\t\t\t\t\t\t\t\t\t\t\t\t\t\t<img decoding=\"async\" width=\"796\" height=\"542\" src=\"https:\/\/elutubalavataga.ee\/wp-content\/uploads\/2025\/11\/sissepaas.png\" class=\"attachment-large size-large wp-image-2599\" alt=\"\" srcset=\"https:\/\/elutubalavataga.ee\/wp-content\/uploads\/2025\/11\/sissepaas.png 796w, https:\/\/elutubalavataga.ee\/wp-content\/uploads\/2025\/11\/sissepaas-300x204.png 300w, https:\/\/elutubalavataga.ee\/wp-content\/uploads\/2025\/11\/sissepaas-768x523.png 768w\" sizes=\"(max-width: 796px) 100vw, 796px\" \/>\t\t\t\t\t\t\t\t\t\t\t\t\t\t\t<\/div>\n\t\t\t\t<\/div>\n\t\t\t\t<\/div>\n\t\t<div class=\"elementor-element elementor-element-18511d22 e-con-full e-flex elementor-invisible e-con e-child\" data-id=\"18511d22\" data-element_type=\"container\" data-e-type=\"container\" data-settings=\"{&quot;background_background&quot;:&quot;classic&quot;,&quot;animation&quot;:&quot;fadeInUp&quot;,&quot;animation_delay&quot;:&quot;300&quot;}\">\n\t\t<div class=\"elementor-element elementor-element-4405e03 e-con-full e-flex e-con e-child\" data-id=\"4405e03\" data-element_type=\"container\" data-e-type=\"container\">\n\t\t\t\t<div class=\"elementor-element elementor-element-66579af elementor-button-align-start elementor-widget elementor-widget-form\" data-id=\"66579af\" data-element_type=\"widget\" data-e-type=\"widget\" data-settings=\"{&quot;step_next_label&quot;:&quot;J\\u00c4RGMINE&quot;,&quot;step_previous_label&quot;:&quot;EELMINE&quot;,&quot;step_type&quot;:&quot;number_text&quot;,&quot;step_icon_shape&quot;:&quot;circle&quot;}\" data-widget_type=\"form.default\">\n\t\t\t\t<div class=\"elementor-widget-container\">\n\t\t\t\t\t\t\t<form class=\"elementor-form\" method=\"post\" name=\"Contact Form\" aria-label=\"Contact Form\">\n\t\t\t<input type=\"hidden\" name=\"post_id\" value=\"840\"\/>\n\t\t\t<input type=\"hidden\" name=\"form_id\" value=\"66579af\"\/>\n\t\t\t<input type=\"hidden\" name=\"referer_title\" value=\"KONTAKT\" \/>\n\n\t\t\t\t\t\t\t<input type=\"hidden\" name=\"queried_id\" value=\"840\"\/>\n\t\t\t\n\t\t\t<div class=\"elementor-form-fields-wrapper elementor-labels-above\">\n\t\t\t\t\t\t\t\t<div class=\"elementor-field-type-text elementor-field-group elementor-column elementor-field-group-name elementor-col-50 elementor-field-required elementor-mark-required\">\n\t\t\t\t\t\t\t\t\t\t\t\t<label for=\"form-field-name\" class=\"elementor-field-label\">\n\t\t\t\t\t\t\t\tNimi\t\t\t\t\t\t\t<\/label>\n\t\t\t\t\t\t\t\t\t\t\t\t\t\t<input size=\"1\" type=\"text\" name=\"form_fields[name]\" id=\"form-field-name\" class=\"elementor-field elementor-size-sm  elementor-field-textual\" required=\"required\">\n\t\t\t\t\t\t\t\t\t\t\t<\/div>\n\t\t\t\t\t\t\t\t<div class=\"elementor-field-type-tel elementor-field-group elementor-column elementor-field-group-field_666adbf elementor-col-50 elementor-field-required elementor-mark-required\">\n\t\t\t\t\t\t\t\t\t\t\t\t<label for=\"form-field-field_666adbf\" class=\"elementor-field-label\">\n\t\t\t\t\t\t\t\tTelefon\t\t\t\t\t\t\t<\/label>\n\t\t\t\t\t\t\t\t<input size=\"1\" type=\"tel\" name=\"form_fields[field_666adbf]\" id=\"form-field-field_666adbf\" class=\"elementor-field elementor-size-sm  elementor-field-textual\" required=\"required\" pattern=\"[0-9()#&amp;+*-=.]+\" title=\"Only numbers and phone characters (#, -, *, etc) are accepted.\">\n\n\t\t\t\t\t\t<\/div>\n\t\t\t\t\t\t\t\t<div class=\"elementor-field-type-email elementor-field-group elementor-column elementor-field-group-email elementor-col-100 elementor-field-required elementor-mark-required\">\n\t\t\t\t\t\t\t\t\t\t\t\t<label for=\"form-field-email\" class=\"elementor-field-label\">\n\t\t\t\t\t\t\t\tE-post\t\t\t\t\t\t\t<\/label>\n\t\t\t\t\t\t\t\t\t\t\t\t\t\t<input size=\"1\" type=\"email\" name=\"form_fields[email]\" id=\"form-field-email\" class=\"elementor-field elementor-size-sm  elementor-field-textual\" required=\"required\">\n\t\t\t\t\t\t\t\t\t\t\t<\/div>\n\t\t\t\t\t\t\t\t<div class=\"elementor-field-type-checkbox elementor-field-group elementor-column elementor-field-group-field_aff3bca elementor-col-50\">\n\t\t\t\t\t\t\t\t\t\t\t\t<label for=\"form-field-field_aff3bca\" class=\"elementor-field-label\">\n\t\t\t\t\t\t\t\tTeema\t\t\t\t\t\t\t<\/label>\n\t\t\t\t\t\t<div class=\"elementor-field-subgroup  \"><span class=\"elementor-field-option\"><input type=\"checkbox\" value=\"Peoruumi rent\" id=\"form-field-field_aff3bca-0\" name=\"form_fields[field_aff3bca][]\"> <label for=\"form-field-field_aff3bca-0\">Peoruumi rent<\/label><\/span><span class=\"elementor-field-option\"><input type=\"checkbox\" value=\"Koolitusruumi rent\" id=\"form-field-field_aff3bca-1\" name=\"form_fields[field_aff3bca][]\"> <label for=\"form-field-field_aff3bca-1\">Koolitusruumi rent<\/label><\/span><span class=\"elementor-field-option\"><input type=\"checkbox\" value=\"Muu\" id=\"form-field-field_aff3bca-2\" name=\"form_fields[field_aff3bca][]\"> <label for=\"form-field-field_aff3bca-2\">Muu<\/label><\/span><\/div>\t\t\t\t<\/div>\n\t\t\t\t\t\t\t\t<div class=\"elementor-field-type-text elementor-field-group elementor-column elementor-field-group-field_e61599e elementor-col-50\">\n\t\t\t\t\t\t\t\t\t\t\t\t<label for=\"form-field-field_e61599e\" class=\"elementor-field-label\">\n\t\t\t\t\t\t\t\tSoovitud kuup\u00e4ev\t\t\t\t\t\t\t<\/label>\n\t\t\t\t\t\t\t\t\t\t\t\t\t\t<input size=\"1\" type=\"text\" name=\"form_fields[field_e61599e]\" id=\"form-field-field_e61599e\" class=\"elementor-field elementor-size-sm  elementor-field-textual\">\n\t\t\t\t\t\t\t\t\t\t\t<\/div>\n\t\t\t\t\t\t\t\t<div class=\"elementor-field-type-textarea elementor-field-group elementor-column elementor-field-group-message elementor-col-100 elementor-field-required elementor-mark-required\">\n\t\t\t\t\t\t\t\t\t\t\t\t<label for=\"form-field-message\" class=\"elementor-field-label\">\n\t\t\t\t\t\t\t\tKirjuta l\u00e4hemalt\t\t\t\t\t\t\t<\/label>\n\t\t\t\t\t\t<textarea class=\"elementor-field-textual elementor-field  elementor-size-sm\" name=\"form_fields[message]\" id=\"form-field-message\" rows=\"6\" required=\"required\"><\/textarea>\t\t\t\t<\/div>\n\t\t\t\t\t\t\t\t<div class=\"elementor-field-group elementor-column elementor-field-type-submit elementor-col-100 e-form__buttons\">\n\t\t\t\t\t<button class=\"elementor-button elementor-size-sm\" type=\"submit\">\n\t\t\t\t\t\t<span class=\"elementor-button-content-wrapper\">\n\t\t\t\t\t\t\t\t\t\t\t\t\t\t\t\t\t\t\t\t\t\t<span class=\"elementor-button-text\">SAADA<\/span>\n\t\t\t\t\t\t\t\t\t\t\t\t\t<\/span>\n\t\t\t\t\t<\/button>\n\t\t\t\t<\/div>\n\t\t\t<\/div>\n\t\t<\/form>\n\t\t\t\t\t\t<\/div>\n\t\t\t\t<\/div>\n\t\t\t\t<\/div>\n\t\t\t\t<\/div>\n\t\t\t\t\t<\/div>\n\t\t\t\t<\/div>\n\t\t<div class=\"elementor-element elementor-element-7efa3237 e-con-full e-flex e-con e-parent\" data-id=\"7efa3237\" data-element_type=\"container\" data-e-type=\"container\">\n\t\t<div class=\"elementor-element elementor-element-3674500c e-con-full e-flex e-con e-child\" data-id=\"3674500c\" data-element_type=\"container\" data-e-type=\"container\">\n\t\t\t\t<div class=\"elementor-element elementor-element-36241b1e elementor-widget elementor-widget-google_maps\" data-id=\"36241b1e\" data-element_type=\"widget\" data-e-type=\"widget\" data-widget_type=\"google_maps.default\">\n\t\t\t\t<div class=\"elementor-widget-container\">\n\t\t\t\t\t\t\t<div class=\"elementor-custom-embed\">\n\t\t\t<iframe loading=\"lazy\"\n\t\t\t\t\tsrc=\"https:\/\/maps.google.com\/maps?q=elutuba%20lava%20taga&#038;t=m&#038;z=16&#038;output=embed&#038;iwloc=near\"\n\t\t\t\t\ttitle=\"elutuba lava taga\"\n\t\t\t\t\taria-label=\"elutuba lava taga\"\n\t\t\t><\/iframe>\n\t\t<\/div>\n\t\t\t\t\t\t<\/div>\n\t\t\t\t<\/div>\n\t\t\t\t<\/div>\n\t\t\t\t<\/div>\n\t\t\t\t<\/div>\n\t\t","protected":false},"excerpt":{"rendered":"<p>V\u00f5ta \u00fchendust V\u00f5ta meiega \u00fchendust Elutuba Lava Taga +372 5323 9315 info@elutubalavataga.ee Kastani 50, Tartu, Eesti Sissep\u00e4\u00e4s Elutuba Lava Taga asub Aparaaditehase territooriumil (Kastani 50, Tartu).Sisses\u00f5it on enne Samelini tehast \u2014 p\u00f6\u00f6rake paremale, seej\u00e4rel umbes 8o meetri p\u00e4rast uuesti paremale. S\u00f5itke veel 80 meetrit ning oletegi kohal. Peouum on\u00a0ligip\u00e4\u00e4setav ka ratastooliga.<\/p>","protected":false},"author":1,"featured_media":0,"parent":0,"menu_order":0,"comment_status":"closed","ping_status":"closed","template":"elementor_header_footer","meta":{"_exactmetrics_skip_tracking":false,"_exactmetrics_sitenote_active":false,"_exactmetrics_sitenote_note":"","_exactmetrics_sitenote_category":0,"footnotes":""},"class_list":["post-840","page","type-page","status-publish","hentry"],"_links":{"self":[{"href":"https:\/\/elutubalavataga.ee\/en\/wp-json\/wp\/v2\/pages\/840","targetHints":{"allow":["GET"]}}],"collection":[{"href":"https:\/\/elutubalavataga.ee\/en\/wp-json\/wp\/v2\/pages"}],"about":[{"href":"https:\/\/elutubalavataga.ee\/en\/wp-json\/wp\/v2\/types\/page"}],"author":[{"embeddable":true,"href":"https:\/\/elutubalavataga.ee\/en\/wp-json\/wp\/v2\/users\/1"}],"replies":[{"embeddable":true,"href":"https:\/\/elutubalavataga.ee\/en\/wp-json\/wp\/v2\/comments?post=840"}],"version-history":[{"count":156,"href":"https:\/\/elutubalavataga.ee\/en\/wp-json\/wp\/v2\/pages\/840\/revisions"}],"predecessor-version":[{"id":3040,"href":"https:\/\/elutubalavataga.ee\/en\/wp-json\/wp\/v2\/pages\/840\/revisions\/3040"}],"wp:attachment":[{"href":"https:\/\/elutubalavataga.ee\/en\/wp-json\/wp\/v2\/media?parent=840"}],"curies":[{"name":"wp","href":"https:\/\/api.w.org\/{rel}","templated":true}]}}