{"id":867,"date":"2024-10-03T09:32:16","date_gmt":"2024-10-03T09:32:16","guid":{"rendered":"https:\/\/elutubalavataga.ee\/?page_id=867"},"modified":"2026-04-14T07:15:19","modified_gmt":"2026-04-14T05:15:19","slug":"olustikgalerii","status":"publish","type":"page","link":"https:\/\/elutubalavataga.ee\/en\/olustikgalerii\/","title":{"rendered":"Ambience &amp; Gallery"},"content":{"rendered":"<div data-elementor-type=\"wp-page\" data-elementor-id=\"867\" class=\"elementor elementor-867\" data-elementor-post-type=\"page\">\n\t\t\t\t<div class=\"elementor-element elementor-element-1f8d9eb2 e-flex e-con-boxed e-con e-parent\" data-id=\"1f8d9eb2\" data-element_type=\"container\" data-e-type=\"container\" data-settings=\"{&quot;background_background&quot;:&quot;classic&quot;}\">\n\t\t\t\t\t<div class=\"e-con-inner\">\n\t\t<div class=\"elementor-element elementor-element-58565658 e-con-full e-flex e-con e-child\" data-id=\"58565658\" data-element_type=\"container\" data-e-type=\"container\">\n\t\t\t\t<div class=\"elementor-element elementor-element-762237f elementor-invisible elementor-widget elementor-widget-heading\" data-id=\"762237f\" data-element_type=\"widget\" data-e-type=\"widget\" data-settings=\"{&quot;_animation&quot;:&quot;fadeIn&quot;}\" data-widget_type=\"heading.default\">\n\t\t\t\t<div class=\"elementor-widget-container\">\n\t\t\t\t\t<h1 class=\"elementor-heading-title elementor-size-default\">One Room, Endless Possibilities<\/h1>\t\t\t\t<\/div>\n\t\t\t\t<\/div>\n\t\t\t\t<div class=\"elementor-element elementor-element-6cbfb51a elementor-invisible elementor-widget elementor-widget-text-editor\" data-id=\"6cbfb51a\" data-element_type=\"widget\" data-e-type=\"widget\" data-settings=\"{&quot;_animation&quot;:&quot;fadeInLeft&quot;,&quot;_animation_delay&quot;:&quot;300&quot;}\" data-widget_type=\"text-editor.default\">\n\t\t\t\t<div class=\"elementor-widget-container\">\n\t\t\t\t\t\t\t\t\t<p>Elutuba Lava Taga is an open-layout space where we create the perfect atmosphere for every event. <br \/>This way, you\u2019ll feel comfortable whether you\u2019re hosting a small group or a large gathering.<\/p>\t\t\t\t\t\t\t\t<\/div>\n\t\t\t\t<\/div>\n\t\t\t\t<div class=\"elementor-element elementor-element-5a5ba68c elementor-widget-divider--view-line elementor-invisible elementor-widget elementor-widget-divider\" data-id=\"5a5ba68c\" data-element_type=\"widget\" data-e-type=\"widget\" data-settings=\"{&quot;_animation&quot;:&quot;fadeIn&quot;,&quot;_animation_delay&quot;:&quot;100&quot;}\" data-widget_type=\"divider.default\">\n\t\t\t\t<div class=\"elementor-widget-container\">\n\t\t\t\t\t\t\t<div class=\"elementor-divider\">\n\t\t\t<span class=\"elementor-divider-separator\">\n\t\t\t\t\t\t<\/span>\n\t\t<\/div>\n\t\t\t\t\t\t<\/div>\n\t\t\t\t<\/div>\n\t\t\t\t<\/div>\n\t\t\t\t\t<\/div>\n\t\t\t\t<\/div>\n\t\t<div class=\"elementor-element elementor-element-30de3ac6 e-con-full e-flex e-con e-parent\" data-id=\"30de3ac6\" data-element_type=\"container\" data-e-type=\"container\">\n\t\t<div class=\"elementor-element elementor-element-49041506 e-flex e-con-boxed e-con e-child\" data-id=\"49041506\" data-element_type=\"container\" data-e-type=\"container\">\n\t\t\t\t\t<div class=\"e-con-inner\">\n\t\t<div class=\"elementor-element elementor-element-6669aa58 e-con-full e-flex e-con e-child\" data-id=\"6669aa58\" data-element_type=\"container\" data-e-type=\"container\">\n\t\t\t\t<div class=\"elementor-element elementor-element-9fc73a8 elementor-widget elementor-widget-text-editor\" data-id=\"9fc73a8\" data-element_type=\"widget\" data-e-type=\"widget\" data-widget_type=\"text-editor.default\">\n\t\t\t\t<div class=\"elementor-widget-container\">\n\t\t\t\t\t\t\t\t\t<p>Elutuba Lava Taga has hosted countless birthday parties, dozens of weddings, a few memorial gatherings, exciting corporate events, and on weekdays seminars, trainings and conferences. Public events have included theatre evenings, concerts, workshops and dance nights. Every event has had its own character \u2014 and our space has always been set up and styled to match it perfectly.<\/p>\t\t\t\t\t\t\t\t<\/div>\n\t\t\t\t<\/div>\n\t\t\t\t<\/div>\n\t\t\t\t\t<\/div>\n\t\t\t\t<\/div>\n\t\t<div class=\"elementor-element elementor-element-5c55fb00 e-con-full e-flex e-con e-child\" data-id=\"5c55fb00\" data-element_type=\"container\" data-e-type=\"container\">\n\t\t\t\t<div class=\"elementor-element elementor-element-a47e666 elementor-widget elementor-widget-gallery\" data-id=\"a47e666\" data-element_type=\"widget\" data-e-type=\"widget\" data-settings=\"{&quot;gallery_layout&quot;:&quot;justified&quot;,&quot;gap&quot;:{&quot;unit&quot;:&quot;px&quot;,&quot;size&quot;:4,&quot;sizes&quot;:[]},&quot;lazyload&quot;:&quot;yes&quot;,&quot;ideal_row_height&quot;:{&quot;unit&quot;:&quot;px&quot;,&quot;size&quot;:200,&quot;sizes&quot;:[]},&quot;ideal_row_height_tablet&quot;:{&quot;unit&quot;:&quot;px&quot;,&quot;size&quot;:150,&quot;sizes&quot;:[]},&quot;ideal_row_height_mobile&quot;:{&quot;unit&quot;:&quot;px&quot;,&quot;size&quot;:150,&quot;sizes&quot;:[]},&quot;gap_tablet&quot;:{&quot;unit&quot;:&quot;px&quot;,&quot;size&quot;:10,&quot;sizes&quot;:[]},&quot;gap_mobile&quot;:{&quot;unit&quot;:&quot;px&quot;,&quot;size&quot;:10,&quot;sizes&quot;:[]},&quot;link_to&quot;:&quot;file&quot;,&quot;overlay_background&quot;:&quot;yes&quot;,&quot;content_hover_animation&quot;:&quot;fade-in&quot;}\" data-widget_type=\"gallery.default\">\n\t\t\t\t<div class=\"elementor-widget-container\">\n\t\t\t\t\t\t\t<div class=\"elementor-gallery__container\">\n\t\t\t\t\t\t\t<a class=\"e-gallery-item elementor-gallery-item elementor-animated-content\" href=\"https:\/\/elutubalavataga.ee\/wp-content\/uploads\/2025\/11\/TAF_6611.jpg\" data-elementor-open-lightbox=\"yes\" data-elementor-lightbox-slideshow=\"a47e666\" data-elementor-lightbox-title=\"TAF_6611\" data-e-action-hash=\"#elementor-action%3Aaction%3Dlightbox%26settings%3DeyJpZCI6Mjc2NSwidXJsIjoiaHR0cHM6XC9cL2VsdXR1YmFsYXZhdGFnYS5lZVwvd3AtY29udGVudFwvdXBsb2Fkc1wvMjAyNVwvMTFcL1RBRl82NjExLmpwZyIsInNsaWRlc2hvdyI6ImE0N2U2NjYifQ%3D%3D\">\n\t\t\t\t\t<div class=\"e-gallery-image elementor-gallery-item__image\" data-thumbnail=\"https:\/\/elutubalavataga.ee\/wp-content\/uploads\/2025\/11\/TAF_6611.jpg\" data-width=\"2048\" data-height=\"1366\" aria-label=\"\" role=\"img\" ><\/div>\n\t\t\t\t\t\t\t\t\t\t\t<div class=\"elementor-gallery-item__overlay\"><\/div>\n\t\t\t\t\t\t\t\t\t\t\t\t\t\t<\/a>\n\t\t\t\t\t\t\t<a class=\"e-gallery-item elementor-gallery-item elementor-animated-content\" href=\"https:\/\/elutubalavataga.ee\/wp-content\/uploads\/2025\/11\/Elutuba-Lava-Taga-10.jpg\" data-elementor-open-lightbox=\"yes\" data-elementor-lightbox-slideshow=\"a47e666\" data-elementor-lightbox-title=\"Elutuba Lava Taga-10\" data-e-action-hash=\"#elementor-action%3Aaction%3Dlightbox%26settings%3DeyJpZCI6MjgwMiwidXJsIjoiaHR0cHM6XC9cL2VsdXR1YmFsYXZhdGFnYS5lZVwvd3AtY29udGVudFwvdXBsb2Fkc1wvMjAyNVwvMTFcL0VsdXR1YmEtTGF2YS1UYWdhLTEwLmpwZyIsInNsaWRlc2hvdyI6ImE0N2U2NjYifQ%3D%3D\">\n\t\t\t\t\t<div class=\"e-gallery-image elementor-gallery-item__image\" data-thumbnail=\"https:\/\/elutubalavataga.ee\/wp-content\/uploads\/2025\/11\/Elutuba-Lava-Taga-10.jpg\" data-width=\"1000\" data-height=\"667\" aria-label=\"\" role=\"img\" ><\/div>\n\t\t\t\t\t\t\t\t\t\t\t<div class=\"elementor-gallery-item__overlay\"><\/div>\n\t\t\t\t\t\t\t\t\t\t\t\t\t\t<\/a>\n\t\t\t\t\t\t\t<a class=\"e-gallery-item elementor-gallery-item elementor-animated-content\" href=\"https:\/\/elutubalavataga.ee\/wp-content\/uploads\/2025\/11\/Elutuba-Lava-Taga-06.jpg\" data-elementor-open-lightbox=\"yes\" data-elementor-lightbox-slideshow=\"a47e666\" data-elementor-lightbox-title=\"Elutuba Lava Taga-06\" data-e-action-hash=\"#elementor-action%3Aaction%3Dlightbox%26settings%3DeyJpZCI6Mjc5NywidXJsIjoiaHR0cHM6XC9cL2VsdXR1YmFsYXZhdGFnYS5lZVwvd3AtY29udGVudFwvdXBsb2Fkc1wvMjAyNVwvMTFcL0VsdXR1YmEtTGF2YS1UYWdhLTA2LmpwZyIsInNsaWRlc2hvdyI6ImE0N2U2NjYifQ%3D%3D\">\n\t\t\t\t\t<div class=\"e-gallery-image elementor-gallery-item__image\" data-thumbnail=\"https:\/\/elutubalavataga.ee\/wp-content\/uploads\/2025\/11\/Elutuba-Lava-Taga-06.jpg\" data-width=\"1000\" data-height=\"667\" aria-label=\"\" role=\"img\" ><\/div>\n\t\t\t\t\t\t\t\t\t\t\t<div class=\"elementor-gallery-item__overlay\"><\/div>\n\t\t\t\t\t\t\t\t\t\t\t\t\t\t<\/a>\n\t\t\t\t\t\t\t<a class=\"e-gallery-item elementor-gallery-item elementor-animated-content\" href=\"https:\/\/elutubalavataga.ee\/wp-content\/uploads\/2025\/11\/Elutuba-Lava-Taga-07.jpg\" data-elementor-open-lightbox=\"yes\" data-elementor-lightbox-slideshow=\"a47e666\" data-elementor-lightbox-title=\"Elutuba Lava Taga-07\" data-e-action-hash=\"#elementor-action%3Aaction%3Dlightbox%26settings%3DeyJpZCI6Mjc5OSwidXJsIjoiaHR0cHM6XC9cL2VsdXR1YmFsYXZhdGFnYS5lZVwvd3AtY29udGVudFwvdXBsb2Fkc1wvMjAyNVwvMTFcL0VsdXR1YmEtTGF2YS1UYWdhLTA3LmpwZyIsInNsaWRlc2hvdyI6ImE0N2U2NjYifQ%3D%3D\">\n\t\t\t\t\t<div class=\"e-gallery-image elementor-gallery-item__image\" data-thumbnail=\"https:\/\/elutubalavataga.ee\/wp-content\/uploads\/2025\/11\/Elutuba-Lava-Taga-07.jpg\" data-width=\"1000\" data-height=\"667\" aria-label=\"\" role=\"img\" ><\/div>\n\t\t\t\t\t\t\t\t\t\t\t<div class=\"elementor-gallery-item__overlay\"><\/div>\n\t\t\t\t\t\t\t\t\t\t\t\t\t\t<\/a>\n\t\t\t\t\t\t\t<a class=\"e-gallery-item elementor-gallery-item elementor-animated-content\" href=\"https:\/\/elutubalavataga.ee\/wp-content\/uploads\/2025\/11\/Elutuba-Lava-Taga-09.jpg\" data-elementor-open-lightbox=\"yes\" data-elementor-lightbox-slideshow=\"a47e666\" data-elementor-lightbox-title=\"Elutuba Lava Taga-09\" data-e-action-hash=\"#elementor-action%3Aaction%3Dlightbox%26settings%3DeyJpZCI6MjgwMCwidXJsIjoiaHR0cHM6XC9cL2VsdXR1YmFsYXZhdGFnYS5lZVwvd3AtY29udGVudFwvdXBsb2Fkc1wvMjAyNVwvMTFcL0VsdXR1YmEtTGF2YS1UYWdhLTA5LmpwZyIsInNsaWRlc2hvdyI6ImE0N2U2NjYifQ%3D%3D\">\n\t\t\t\t\t<div class=\"e-gallery-image elementor-gallery-item__image\" data-thumbnail=\"https:\/\/elutubalavataga.ee\/wp-content\/uploads\/2025\/11\/Elutuba-Lava-Taga-09.jpg\" data-width=\"1000\" data-height=\"667\" aria-label=\"\" role=\"img\" ><\/div>\n\t\t\t\t\t\t\t\t\t\t\t<div class=\"elementor-gallery-item__overlay\"><\/div>\n\t\t\t\t\t\t\t\t\t\t\t\t\t\t<\/a>\n\t\t\t\t\t\t\t<a class=\"e-gallery-item elementor-gallery-item elementor-animated-content\" href=\"https:\/\/elutubalavataga.ee\/wp-content\/uploads\/2025\/11\/Elutuba-Lava-Taga-12.jpg\" data-elementor-open-lightbox=\"yes\" data-elementor-lightbox-slideshow=\"a47e666\" data-elementor-lightbox-title=\"Elutuba Lava Taga-12\" data-e-action-hash=\"#elementor-action%3Aaction%3Dlightbox%26settings%3DeyJpZCI6MjgwNCwidXJsIjoiaHR0cHM6XC9cL2VsdXR1YmFsYXZhdGFnYS5lZVwvd3AtY29udGVudFwvdXBsb2Fkc1wvMjAyNVwvMTFcL0VsdXR1YmEtTGF2YS1UYWdhLTEyLmpwZyIsInNsaWRlc2hvdyI6ImE0N2U2NjYifQ%3D%3D\">\n\t\t\t\t\t<div class=\"e-gallery-image elementor-gallery-item__image\" data-thumbnail=\"https:\/\/elutubalavataga.ee\/wp-content\/uploads\/2025\/11\/Elutuba-Lava-Taga-12.jpg\" data-width=\"1000\" data-height=\"667\" aria-label=\"\" role=\"img\" ><\/div>\n\t\t\t\t\t\t\t\t\t\t\t<div class=\"elementor-gallery-item__overlay\"><\/div>\n\t\t\t\t\t\t\t\t\t\t\t\t\t\t<\/a>\n\t\t\t\t\t\t\t<a class=\"e-gallery-item elementor-gallery-item elementor-animated-content\" href=\"https:\/\/elutubalavataga.ee\/wp-content\/uploads\/2025\/11\/Elutuba-Lava-Taga-11.jpg\" data-elementor-open-lightbox=\"yes\" data-elementor-lightbox-slideshow=\"a47e666\" data-elementor-lightbox-title=\"Elutuba Lava Taga-11\" data-e-action-hash=\"#elementor-action%3Aaction%3Dlightbox%26settings%3DeyJpZCI6MjgwMywidXJsIjoiaHR0cHM6XC9cL2VsdXR1YmFsYXZhdGFnYS5lZVwvd3AtY29udGVudFwvdXBsb2Fkc1wvMjAyNVwvMTFcL0VsdXR1YmEtTGF2YS1UYWdhLTExLmpwZyIsInNsaWRlc2hvdyI6ImE0N2U2NjYifQ%3D%3D\">\n\t\t\t\t\t<div class=\"e-gallery-image elementor-gallery-item__image\" data-thumbnail=\"https:\/\/elutubalavataga.ee\/wp-content\/uploads\/2025\/11\/Elutuba-Lava-Taga-11.jpg\" data-width=\"1000\" data-height=\"667\" aria-label=\"\" role=\"img\" ><\/div>\n\t\t\t\t\t\t\t\t\t\t\t<div class=\"elementor-gallery-item__overlay\"><\/div>\n\t\t\t\t\t\t\t\t\t\t\t\t\t\t<\/a>\n\t\t\t\t\t\t\t<a class=\"e-gallery-item elementor-gallery-item elementor-animated-content\" href=\"https:\/\/elutubalavataga.ee\/wp-content\/uploads\/2025\/11\/TAF_6605.jpg\" data-elementor-open-lightbox=\"yes\" data-elementor-lightbox-slideshow=\"a47e666\" data-elementor-lightbox-title=\"Elutuba Lava Taga\" data-elementor-lightbox-description=\"Elutuba Lava Taga\" data-e-action-hash=\"#elementor-action%3Aaction%3Dlightbox%26settings%3DeyJpZCI6Mjc3MiwidXJsIjoiaHR0cHM6XC9cL2VsdXR1YmFsYXZhdGFnYS5lZVwvd3AtY29udGVudFwvdXBsb2Fkc1wvMjAyNVwvMTFcL1RBRl82NjA1LmpwZyIsInNsaWRlc2hvdyI6ImE0N2U2NjYifQ%3D%3D\">\n\t\t\t\t\t<div class=\"e-gallery-image elementor-gallery-item__image\" data-thumbnail=\"https:\/\/elutubalavataga.ee\/wp-content\/uploads\/2025\/11\/TAF_6605.jpg\" data-width=\"2048\" data-height=\"1365\" aria-label=\"Elutuba Lava Taga\" role=\"img\" ><\/div>\n\t\t\t\t\t\t\t\t\t\t\t<div class=\"elementor-gallery-item__overlay\"><\/div>\n\t\t\t\t\t\t\t\t\t\t\t\t\t\t<\/a>\n\t\t\t\t\t\t\t<a class=\"e-gallery-item elementor-gallery-item elementor-animated-content\" href=\"https:\/\/elutubalavataga.ee\/wp-content\/uploads\/2025\/11\/TAF_6619.jpg\" data-elementor-open-lightbox=\"yes\" data-elementor-lightbox-slideshow=\"a47e666\" data-elementor-lightbox-title=\"TAF_6619\" data-e-action-hash=\"#elementor-action%3Aaction%3Dlightbox%26settings%3DeyJpZCI6Mjc3MSwidXJsIjoiaHR0cHM6XC9cL2VsdXR1YmFsYXZhdGFnYS5lZVwvd3AtY29udGVudFwvdXBsb2Fkc1wvMjAyNVwvMTFcL1RBRl82NjE5LmpwZyIsInNsaWRlc2hvdyI6ImE0N2U2NjYifQ%3D%3D\">\n\t\t\t\t\t<div class=\"e-gallery-image elementor-gallery-item__image\" data-thumbnail=\"https:\/\/elutubalavataga.ee\/wp-content\/uploads\/2025\/11\/TAF_6619.jpg\" data-width=\"2048\" data-height=\"1365\" aria-label=\"\" role=\"img\" ><\/div>\n\t\t\t\t\t\t\t\t\t\t\t<div class=\"elementor-gallery-item__overlay\"><\/div>\n\t\t\t\t\t\t\t\t\t\t\t\t\t\t<\/a>\n\t\t\t\t\t\t\t<a class=\"e-gallery-item elementor-gallery-item elementor-animated-content\" href=\"https:\/\/elutubalavataga.ee\/wp-content\/uploads\/2025\/11\/Elutuba-Lava-Taga-15.jpg\" data-elementor-open-lightbox=\"yes\" data-elementor-lightbox-slideshow=\"a47e666\" data-elementor-lightbox-title=\"Elutuba Lava Taga-15\" data-e-action-hash=\"#elementor-action%3Aaction%3Dlightbox%26settings%3DeyJpZCI6MjgwOCwidXJsIjoiaHR0cHM6XC9cL2VsdXR1YmFsYXZhdGFnYS5lZVwvd3AtY29udGVudFwvdXBsb2Fkc1wvMjAyNVwvMTFcL0VsdXR1YmEtTGF2YS1UYWdhLTE1LmpwZyIsInNsaWRlc2hvdyI6ImE0N2U2NjYifQ%3D%3D\">\n\t\t\t\t\t<div class=\"e-gallery-image elementor-gallery-item__image\" data-thumbnail=\"https:\/\/elutubalavataga.ee\/wp-content\/uploads\/2025\/11\/Elutuba-Lava-Taga-15.jpg\" data-width=\"667\" data-height=\"1000\" aria-label=\"\" role=\"img\" ><\/div>\n\t\t\t\t\t\t\t\t\t\t\t<div class=\"elementor-gallery-item__overlay\"><\/div>\n\t\t\t\t\t\t\t\t\t\t\t\t\t\t<\/a>\n\t\t\t\t\t\t\t<a class=\"e-gallery-item elementor-gallery-item elementor-animated-content\" href=\"https:\/\/elutubalavataga.ee\/wp-content\/uploads\/2025\/11\/Elutuba-Lava-Taga-16.jpg\" data-elementor-open-lightbox=\"yes\" data-elementor-lightbox-slideshow=\"a47e666\" data-elementor-lightbox-title=\"Elutuba Lava Taga-16\" data-e-action-hash=\"#elementor-action%3Aaction%3Dlightbox%26settings%3DeyJpZCI6MjgxMCwidXJsIjoiaHR0cHM6XC9cL2VsdXR1YmFsYXZhdGFnYS5lZVwvd3AtY29udGVudFwvdXBsb2Fkc1wvMjAyNVwvMTFcL0VsdXR1YmEtTGF2YS1UYWdhLTE2LmpwZyIsInNsaWRlc2hvdyI6ImE0N2U2NjYifQ%3D%3D\">\n\t\t\t\t\t<div class=\"e-gallery-image elementor-gallery-item__image\" data-thumbnail=\"https:\/\/elutubalavataga.ee\/wp-content\/uploads\/2025\/11\/Elutuba-Lava-Taga-16.jpg\" data-width=\"667\" data-height=\"1000\" aria-label=\"\" role=\"img\" ><\/div>\n\t\t\t\t\t\t\t\t\t\t\t<div class=\"elementor-gallery-item__overlay\"><\/div>\n\t\t\t\t\t\t\t\t\t\t\t\t\t\t<\/a>\n\t\t\t\t\t\t\t<a class=\"e-gallery-item elementor-gallery-item elementor-animated-content\" href=\"https:\/\/elutubalavataga.ee\/wp-content\/uploads\/2025\/11\/Elutuba-Lava-Taga-14.jpg\" data-elementor-open-lightbox=\"yes\" data-elementor-lightbox-slideshow=\"a47e666\" data-elementor-lightbox-title=\"Elutuba Lava Taga-14\" data-e-action-hash=\"#elementor-action%3Aaction%3Dlightbox%26settings%3DeyJpZCI6MjgwOSwidXJsIjoiaHR0cHM6XC9cL2VsdXR1YmFsYXZhdGFnYS5lZVwvd3AtY29udGVudFwvdXBsb2Fkc1wvMjAyNVwvMTFcL0VsdXR1YmEtTGF2YS1UYWdhLTE0LmpwZyIsInNsaWRlc2hvdyI6ImE0N2U2NjYifQ%3D%3D\">\n\t\t\t\t\t<div class=\"e-gallery-image elementor-gallery-item__image\" data-thumbnail=\"https:\/\/elutubalavataga.ee\/wp-content\/uploads\/2025\/11\/Elutuba-Lava-Taga-14.jpg\" data-width=\"667\" data-height=\"1000\" aria-label=\"\" role=\"img\" ><\/div>\n\t\t\t\t\t\t\t\t\t\t\t<div class=\"elementor-gallery-item__overlay\"><\/div>\n\t\t\t\t\t\t\t\t\t\t\t\t\t\t<\/a>\n\t\t\t\t\t\t\t<a class=\"e-gallery-item elementor-gallery-item elementor-animated-content\" href=\"https:\/\/elutubalavataga.ee\/wp-content\/uploads\/2025\/11\/Elutuba-Lava-Taga-4-1.jpg\" data-elementor-open-lightbox=\"yes\" data-elementor-lightbox-slideshow=\"a47e666\" data-elementor-lightbox-title=\"Elutuba Lava Taga-4\" data-e-action-hash=\"#elementor-action%3Aaction%3Dlightbox%26settings%3DeyJpZCI6MjgwNSwidXJsIjoiaHR0cHM6XC9cL2VsdXR1YmFsYXZhdGFnYS5lZVwvd3AtY29udGVudFwvdXBsb2Fkc1wvMjAyNVwvMTFcL0VsdXR1YmEtTGF2YS1UYWdhLTQtMS5qcGciLCJzbGlkZXNob3ciOiJhNDdlNjY2In0%3D\">\n\t\t\t\t\t<div class=\"e-gallery-image elementor-gallery-item__image\" data-thumbnail=\"https:\/\/elutubalavataga.ee\/wp-content\/uploads\/2025\/11\/Elutuba-Lava-Taga-4-1.jpg\" data-width=\"667\" data-height=\"1000\" aria-label=\"\" role=\"img\" ><\/div>\n\t\t\t\t\t\t\t\t\t\t\t<div class=\"elementor-gallery-item__overlay\"><\/div>\n\t\t\t\t\t\t\t\t\t\t\t\t\t\t<\/a>\n\t\t\t\t\t\t\t<a class=\"e-gallery-item elementor-gallery-item elementor-animated-content\" href=\"https:\/\/elutubalavataga.ee\/wp-content\/uploads\/2025\/11\/Elutuba-Lava-Taga-6.jpg\" data-elementor-open-lightbox=\"yes\" data-elementor-lightbox-slideshow=\"a47e666\" data-elementor-lightbox-title=\"Elutuba Lava Taga\" data-e-action-hash=\"#elementor-action%3Aaction%3Dlightbox%26settings%3DeyJpZCI6MjgwNiwidXJsIjoiaHR0cHM6XC9cL2VsdXR1YmFsYXZhdGFnYS5lZVwvd3AtY29udGVudFwvdXBsb2Fkc1wvMjAyNVwvMTFcL0VsdXR1YmEtTGF2YS1UYWdhLTYuanBnIiwic2xpZGVzaG93IjoiYTQ3ZTY2NiJ9\">\n\t\t\t\t\t<div class=\"e-gallery-image elementor-gallery-item__image\" data-thumbnail=\"https:\/\/elutubalavataga.ee\/wp-content\/uploads\/2025\/11\/Elutuba-Lava-Taga-6.jpg\" data-width=\"1000\" data-height=\"667\" aria-label=\"\" role=\"img\" ><\/div>\n\t\t\t\t\t\t\t\t\t\t\t<div class=\"elementor-gallery-item__overlay\"><\/div>\n\t\t\t\t\t\t\t\t\t\t\t\t\t\t<\/a>\n\t\t\t\t\t\t\t<a class=\"e-gallery-item elementor-gallery-item elementor-animated-content\" href=\"https:\/\/elutubalavataga.ee\/wp-content\/uploads\/2025\/11\/Elutuba-Lava-Taga-18.jpg\" data-elementor-open-lightbox=\"yes\" data-elementor-lightbox-slideshow=\"a47e666\" data-elementor-lightbox-title=\"Elutuba Lava Taga-18\" data-e-action-hash=\"#elementor-action%3Aaction%3Dlightbox%26settings%3DeyJpZCI6MjgxMSwidXJsIjoiaHR0cHM6XC9cL2VsdXR1YmFsYXZhdGFnYS5lZVwvd3AtY29udGVudFwvdXBsb2Fkc1wvMjAyNVwvMTFcL0VsdXR1YmEtTGF2YS1UYWdhLTE4LmpwZyIsInNsaWRlc2hvdyI6ImE0N2U2NjYifQ%3D%3D\">\n\t\t\t\t\t<div class=\"e-gallery-image elementor-gallery-item__image\" data-thumbnail=\"https:\/\/elutubalavataga.ee\/wp-content\/uploads\/2025\/11\/Elutuba-Lava-Taga-18.jpg\" data-width=\"1000\" data-height=\"667\" aria-label=\"\" role=\"img\" ><\/div>\n\t\t\t\t\t\t\t\t\t\t\t<div class=\"elementor-gallery-item__overlay\"><\/div>\n\t\t\t\t\t\t\t\t\t\t\t\t\t\t<\/a>\n\t\t\t\t\t\t\t<a class=\"e-gallery-item elementor-gallery-item elementor-animated-content\" href=\"https:\/\/elutubalavataga.ee\/wp-content\/uploads\/2025\/11\/Elutuba-Lava-Taga-13.jpg\" data-elementor-open-lightbox=\"yes\" data-elementor-lightbox-slideshow=\"a47e666\" data-elementor-lightbox-title=\"Elutuba Lava Taga-13\" data-e-action-hash=\"#elementor-action%3Aaction%3Dlightbox%26settings%3DeyJpZCI6MjgwNywidXJsIjoiaHR0cHM6XC9cL2VsdXR1YmFsYXZhdGFnYS5lZVwvd3AtY29udGVudFwvdXBsb2Fkc1wvMjAyNVwvMTFcL0VsdXR1YmEtTGF2YS1UYWdhLTEzLmpwZyIsInNsaWRlc2hvdyI6ImE0N2U2NjYifQ%3D%3D\">\n\t\t\t\t\t<div class=\"e-gallery-image elementor-gallery-item__image\" data-thumbnail=\"https:\/\/elutubalavataga.ee\/wp-content\/uploads\/2025\/11\/Elutuba-Lava-Taga-13.jpg\" data-width=\"1000\" data-height=\"667\" aria-label=\"\" role=\"img\" ><\/div>\n\t\t\t\t\t\t\t\t\t\t\t<div class=\"elementor-gallery-item__overlay\"><\/div>\n\t\t\t\t\t\t\t\t\t\t\t\t\t\t<\/a>\n\t\t\t\t\t\t\t<a class=\"e-gallery-item elementor-gallery-item elementor-animated-content\" href=\"https:\/\/elutubalavataga.ee\/wp-content\/uploads\/2025\/11\/TAF_6285.jpg\" data-elementor-open-lightbox=\"yes\" data-elementor-lightbox-slideshow=\"a47e666\" data-elementor-lightbox-title=\"TAF_6285\" data-e-action-hash=\"#elementor-action%3Aaction%3Dlightbox%26settings%3DeyJpZCI6MjgxMiwidXJsIjoiaHR0cHM6XC9cL2VsdXR1YmFsYXZhdGFnYS5lZVwvd3AtY29udGVudFwvdXBsb2Fkc1wvMjAyNVwvMTFcL1RBRl82Mjg1LmpwZyIsInNsaWRlc2hvdyI6ImE0N2U2NjYifQ%3D%3D\">\n\t\t\t\t\t<div class=\"e-gallery-image elementor-gallery-item__image\" data-thumbnail=\"https:\/\/elutubalavataga.ee\/wp-content\/uploads\/2025\/11\/TAF_6285.jpg\" data-width=\"1365\" data-height=\"2048\" aria-label=\"\" role=\"img\" ><\/div>\n\t\t\t\t\t\t\t\t\t\t\t<div class=\"elementor-gallery-item__overlay\"><\/div>\n\t\t\t\t\t\t\t\t\t\t\t\t\t\t<\/a>\n\t\t\t\t\t\t\t<a class=\"e-gallery-item elementor-gallery-item elementor-animated-content\" href=\"https:\/\/elutubalavataga.ee\/wp-content\/uploads\/2025\/11\/Elutuba-Lava-Taga-17.jpg\" data-elementor-open-lightbox=\"yes\" data-elementor-lightbox-slideshow=\"a47e666\" data-elementor-lightbox-title=\"Elutuba Lava Taga-17\" data-e-action-hash=\"#elementor-action%3Aaction%3Dlightbox%26settings%3DeyJpZCI6MjgxMywidXJsIjoiaHR0cHM6XC9cL2VsdXR1YmFsYXZhdGFnYS5lZVwvd3AtY29udGVudFwvdXBsb2Fkc1wvMjAyNVwvMTFcL0VsdXR1YmEtTGF2YS1UYWdhLTE3LmpwZyIsInNsaWRlc2hvdyI6ImE0N2U2NjYifQ%3D%3D\">\n\t\t\t\t\t<div class=\"e-gallery-image elementor-gallery-item__image\" data-thumbnail=\"https:\/\/elutubalavataga.ee\/wp-content\/uploads\/2025\/11\/Elutuba-Lava-Taga-17.jpg\" data-width=\"1000\" data-height=\"667\" aria-label=\"\" role=\"img\" ><\/div>\n\t\t\t\t\t\t\t\t\t\t\t<div class=\"elementor-gallery-item__overlay\"><\/div>\n\t\t\t\t\t\t\t\t\t\t\t\t\t\t<\/a>\n\t\t\t\t\t<\/div>\n\t\t\t\t\t<\/div>\n\t\t\t\t<\/div>\n\t\t\t\t<\/div>\n\t\t\t\t<\/div>\n\t\t\t\t<\/div>","protected":false},"excerpt":{"rendered":"<p>\u00dcks ruum, mitu n\u00e4gu Elutuba Lava Taga on \u00fcks avatud lahendusega ruum, millele loome igaks s\u00fcndmuseks just sobiva olustiku. Nii saab meil tunda ennast hubaselt nii k\u00fcmnekesi, kui kasv\u00f5i kuuek\u00fcmnekesi s\u00fcndmust nautides! Elutuba Lava Taga ruumis on toimunud lugematu arv s\u00fcnnip\u00e4evapidusid, mituk\u00fcmmend pulma, m\u00f5ned peielauad, vingelt firmapidusid, argip\u00e4eviti seminare, koolitusi ja konverentse. Avalike s\u00fcndmustena on [&hellip;]<\/p>\n","protected":false},"author":1,"featured_media":0,"parent":0,"menu_order":0,"comment_status":"closed","ping_status":"closed","template":"elementor_header_footer","meta":{"_exactmetrics_skip_tracking":false,"_exactmetrics_sitenote_active":false,"_exactmetrics_sitenote_note":"","_exactmetrics_sitenote_category":0,"footnotes":""},"class_list":["post-867","page","type-page","status-publish","hentry"],"_links":{"self":[{"href":"https:\/\/elutubalavataga.ee\/en\/wp-json\/wp\/v2\/pages\/867","targetHints":{"allow":["GET"]}}],"collection":[{"href":"https:\/\/elutubalavataga.ee\/en\/wp-json\/wp\/v2\/pages"}],"about":[{"href":"https:\/\/elutubalavataga.ee\/en\/wp-json\/wp\/v2\/types\/page"}],"author":[{"embeddable":true,"href":"https:\/\/elutubalavataga.ee\/en\/wp-json\/wp\/v2\/users\/1"}],"replies":[{"embeddable":true,"href":"https:\/\/elutubalavataga.ee\/en\/wp-json\/wp\/v2\/comments?post=867"}],"version-history":[{"count":119,"href":"https:\/\/elutubalavataga.ee\/en\/wp-json\/wp\/v2\/pages\/867\/revisions"}],"predecessor-version":[{"id":3045,"href":"https:\/\/elutubalavataga.ee\/en\/wp-json\/wp\/v2\/pages\/867\/revisions\/3045"}],"wp:attachment":[{"href":"https:\/\/elutubalavataga.ee\/en\/wp-json\/wp\/v2\/media?parent=867"}],"curies":[{"name":"wp","href":"https:\/\/api.w.org\/{rel}","templated":true}]}}